{"id":1576,"date":"2021-02-21T10:16:49","date_gmt":"2021-02-21T10:16:49","guid":{"rendered":"https:\/\/www.staymichelangelojesolo.com\/restaurant\/"},"modified":"2024-09-11T08:47:41","modified_gmt":"2024-09-11T08:47:41","slug":"restaurant","status":"publish","type":"page","link":"https:\/\/www.staymichelangelojesolo.com\/de\/restaurant\/","title":{"rendered":"Restaurant"},"content":{"rendered":"\t\t<div data-elementor-type=\"wp-page\" data-elementor-id=\"1576\" class=\"elementor elementor-1576 elementor-506\" data-elementor-post-type=\"page\">\n\t\t\t\t\t\t<section class=\"elementor-section elementor-top-section elementor-element elementor-element-ba317a2 elementor-section-height-min-height elementor-section-stretched elementor-section-boxed elementor-section-height-default elementor-section-items-middle\" data-id=\"ba317a2\" data-element_type=\"section\" data-e-type=\"section\" data-settings=\"{&quot;background_background&quot;:&quot;classic&quot;,&quot;stretch_section&quot;:&quot;section-stretched&quot;}\">\n\t\t\t\t\t\t\t<div class=\"elementor-background-overlay\"><\/div>\n\t\t\t\t\t\t\t<div class=\"elementor-container elementor-column-gap-default\">\n\t\t\t\t\t<div class=\"elementor-column elementor-col-100 elementor-top-column elementor-element elementor-element-d296ab4\" data-id=\"d296ab4\" data-element_type=\"column\" data-e-type=\"column\" data-settings=\"{&quot;motion_fx_motion_fx_scrolling&quot;:&quot;yes&quot;,&quot;motion_fx_translateY_effect&quot;:&quot;yes&quot;,&quot;motion_fx_translateY_speed&quot;:{&quot;unit&quot;:&quot;px&quot;,&quot;size&quot;:6.4,&quot;sizes&quot;:[]},&quot;motion_fx_devices&quot;:[&quot;desktop&quot;,&quot;tablet&quot;],&quot;motion_fx_translateY_affectedRange&quot;:{&quot;unit&quot;:&quot;%&quot;,&quot;size&quot;:&quot;&quot;,&quot;sizes&quot;:{&quot;start&quot;:0,&quot;end&quot;:100}}}\">\n\t\t\t<div class=\"elementor-widget-wrap elementor-element-populated\">\n\t\t\t\t\t\t<div class=\"elementor-element elementor-element-9c22215 elementor-widget elementor-widget-spacer\" data-id=\"9c22215\" data-element_type=\"widget\" data-e-type=\"widget\" data-widget_type=\"spacer.default\">\n\t\t\t\t<div class=\"elementor-widget-container\">\n\t\t\t\t\t\t\t<div class=\"elementor-spacer\">\n\t\t\t<div class=\"elementor-spacer-inner\"><\/div>\n\t\t<\/div>\n\t\t\t\t\t\t<\/div>\n\t\t\t\t<\/div>\n\t\t\t\t<div class=\"elementor-element elementor-element-3e93be0 elementor-widget elementor-widget-text-editor\" data-id=\"3e93be0\" data-element_type=\"widget\" data-e-type=\"widget\" data-widget_type=\"text-editor.default\">\n\t\t\t\t<div class=\"elementor-widget-container\">\n\t\t\t\t\t\t\t\t\t<h1 style=\"text-align: center;\"><span style=\"color: #ffffff;\">Local culinary delights by Chef Tino Vettorello<\/span><\/h1>\n\t\t\t\t\t\t\t\t<\/div>\n\t\t\t\t<\/div>\n\t\t\t\t<div class=\"elementor-element elementor-element-1ae92ea elementor-view-default elementor-widget elementor-widget-icon\" data-id=\"1ae92ea\" data-element_type=\"widget\" data-e-type=\"widget\" data-widget_type=\"icon.default\">\n\t\t\t\t<div class=\"elementor-widget-container\">\n\t\t\t\t\t\t\t<div class=\"elementor-icon-wrapper\">\n\t\t\t<a class=\"elementor-icon\" href=\"#content\">\n\t\t\t<svg xmlns=\"http:\/\/www.w3.org\/2000\/svg\" viewBox=\"0 0 88.5 88.5\"><defs><style>.cls-1{fill:#fff;}<\/style><\/defs><g id=\"Livello_2\" data-name=\"Livello 2\"><g id=\"Content\"><path class=\"cls-1\" d=\"M44.25,88.5A44.25,44.25,0,1,1,88.5,44.25,44.3,44.3,0,0,1,44.25,88.5Zm0-86.5A42.25,42.25,0,1,0,86.5,44.25,42.29,42.29,0,0,0,44.25,2Z\"><\/path><rect class=\"cls-1\" x=\"43.25\" y=\"18.67\" width=\"2\" height=\"48.76\"><\/rect><path class=\"cls-1\" d=\"M34.65,53.76a1,1,0,0,1,1.38.31L44.25,67l8.22-12.9a1,1,0,1,1,1.69,1.07L45.09,69.37a1,1,0,0,1-1.68,0L34.34,55.14a1,1,0,0,1-.15-.54A1,1,0,0,1,34.65,53.76Z\"><\/path><\/g><\/g><\/svg>\t\t\t<\/a>\n\t\t<\/div>\n\t\t\t\t\t\t<\/div>\n\t\t\t\t<\/div>\n\t\t\t\t<div class=\"elementor-element elementor-element-265fa0b elementor-widget elementor-widget-spacer\" data-id=\"265fa0b\" data-element_type=\"widget\" data-e-type=\"widget\" data-widget_type=\"spacer.default\">\n\t\t\t\t<div class=\"elementor-widget-container\">\n\t\t\t\t\t\t\t<div class=\"elementor-spacer\">\n\t\t\t<div class=\"elementor-spacer-inner\"><\/div>\n\t\t<\/div>\n\t\t\t\t\t\t<\/div>\n\t\t\t\t<\/div>\n\t\t\t\t\t<\/div>\n\t\t<\/div>\n\t\t\t\t\t<\/div>\n\t\t<\/section>\n\t\t\t\t<section class=\"elementor-section elementor-top-section elementor-element elementor-element-1f6cd88 elementor-section-boxed elementor-section-height-default elementor-section-height-default\" data-id=\"1f6cd88\" data-element_type=\"section\" data-e-type=\"section\" id=\"content\">\n\t\t\t\t\t\t<div class=\"elementor-container elementor-column-gap-default\">\n\t\t\t\t\t<div class=\"elementor-column elementor-col-100 elementor-top-column elementor-element elementor-element-0d5a00f\" data-id=\"0d5a00f\" data-element_type=\"column\" data-e-type=\"column\">\n\t\t\t<div class=\"elementor-widget-wrap elementor-element-populated\">\n\t\t\t\t\t\t<div class=\"elementor-element elementor-element-b6d7af9 elementor-widget elementor-widget-spacer\" data-id=\"b6d7af9\" data-element_type=\"widget\" data-e-type=\"widget\" data-widget_type=\"spacer.default\">\n\t\t\t\t<div class=\"elementor-widget-container\">\n\t\t\t\t\t\t\t<div class=\"elementor-spacer\">\n\t\t\t<div class=\"elementor-spacer-inner\"><\/div>\n\t\t<\/div>\n\t\t\t\t\t\t<\/div>\n\t\t\t\t<\/div>\n\t\t\t\t\t<\/div>\n\t\t<\/div>\n\t\t\t\t\t<\/div>\n\t\t<\/section>\n\t\t\t\t<section class=\"elementor-section elementor-top-section elementor-element elementor-element-f14950e elementor-section-boxed elementor-section-height-default elementor-section-height-default\" data-id=\"f14950e\" data-element_type=\"section\" data-e-type=\"section\">\n\t\t\t\t\t\t<div class=\"elementor-container elementor-column-gap-default\">\n\t\t\t\t\t<div class=\"elementor-column elementor-col-100 elementor-top-column elementor-element elementor-element-38b2eff\" data-id=\"38b2eff\" data-element_type=\"column\" data-e-type=\"column\">\n\t\t\t<div class=\"elementor-widget-wrap elementor-element-populated\">\n\t\t\t\t\t\t<div class=\"elementor-element elementor-element-c8b9a61 elementor-widget elementor-widget-text-editor\" data-id=\"c8b9a61\" data-element_type=\"widget\" data-e-type=\"widget\" data-widget_type=\"text-editor.default\">\n\t\t\t\t<div class=\"elementor-widget-container\">\n\t\t\t\t\t\t\t\t\t<h2 style=\"text-align: center;\">Das Restaurant Tino Jesolo hei\u00dft Sie in der Welt des Geschmacks willkommen<\/h2>\n\t\t\t\t\t\t\t\t<\/div>\n\t\t\t\t<\/div>\n\t\t\t\t<div class=\"elementor-element elementor-element-1a5672f elementor-widget elementor-widget-text-editor\" data-id=\"1a5672f\" data-element_type=\"widget\" data-e-type=\"widget\" data-widget_type=\"text-editor.default\">\n\t\t\t\t<div class=\"elementor-widget-container\">\n\t\t\t\t\t\t\t\t\t<p style=\"text-align: center;\">Im Restaurant Tino Jesolo bietet K\u00fcchenchef Tino Vettorello seine originellen Kreationen an, die das Ergebnis seiner Leidenschaft und seiner Kochkunst sind und die Elemente der venezianischen K\u00fcche mit der Kreativit\u00e4t der internationalen Haute Cuisine in Einklang bringen.<\/p>\n\t\t\t\t\t\t\t\t<\/div>\n\t\t\t\t<\/div>\n\t\t\t\t\t<\/div>\n\t\t<\/div>\n\t\t\t\t\t<\/div>\n\t\t<\/section>\n\t\t\t\t<section class=\"elementor-section elementor-top-section elementor-element elementor-element-0b23f00 elementor-section-boxed elementor-section-height-default elementor-section-height-default\" data-id=\"0b23f00\" data-element_type=\"section\" data-e-type=\"section\">\n\t\t\t\t\t\t<div class=\"elementor-container elementor-column-gap-default\">\n\t\t\t\t\t<div class=\"elementor-column elementor-col-100 elementor-top-column elementor-element elementor-element-4cd3b2a\" data-id=\"4cd3b2a\" data-element_type=\"column\" data-e-type=\"column\">\n\t\t\t<div class=\"elementor-widget-wrap elementor-element-populated\">\n\t\t\t\t\t\t<div class=\"elementor-element elementor-element-3d00eda elementor-widget elementor-widget-spacer\" data-id=\"3d00eda\" data-element_type=\"widget\" data-e-type=\"widget\" data-widget_type=\"spacer.default\">\n\t\t\t\t<div class=\"elementor-widget-container\">\n\t\t\t\t\t\t\t<div class=\"elementor-spacer\">\n\t\t\t<div class=\"elementor-spacer-inner\"><\/div>\n\t\t<\/div>\n\t\t\t\t\t\t<\/div>\n\t\t\t\t<\/div>\n\t\t\t\t\t<\/div>\n\t\t<\/div>\n\t\t\t\t\t<\/div>\n\t\t<\/section>\n\t\t\t\t<section class=\"elementor-section elementor-top-section elementor-element elementor-element-cf774dc elementor-section-boxed elementor-section-height-default elementor-section-height-default\" data-id=\"cf774dc\" data-element_type=\"section\" data-e-type=\"section\">\n\t\t\t\t\t\t<div class=\"elementor-container elementor-column-gap-wider\">\n\t\t\t\t\t<div class=\"elementor-column elementor-col-50 elementor-top-column elementor-element elementor-element-cdf08e8\" data-id=\"cdf08e8\" data-element_type=\"column\" data-e-type=\"column\">\n\t\t\t<div class=\"elementor-widget-wrap elementor-element-populated\">\n\t\t\t\t\t\t<div class=\"elementor-element elementor-element-684fa3a elementor-widget elementor-widget-image\" data-id=\"684fa3a\" data-element_type=\"widget\" data-e-type=\"widget\" data-settings=\"{&quot;motion_fx_motion_fx_scrolling&quot;:&quot;yes&quot;,&quot;motion_fx_translateY_effect&quot;:&quot;yes&quot;,&quot;motion_fx_translateY_direction&quot;:&quot;negative&quot;,&quot;motion_fx_translateY_speed&quot;:{&quot;unit&quot;:&quot;px&quot;,&quot;size&quot;:10,&quot;sizes&quot;:[]},&quot;motion_fx_translateY_affectedRange&quot;:{&quot;unit&quot;:&quot;%&quot;,&quot;size&quot;:&quot;&quot;,&quot;sizes&quot;:{&quot;start&quot;:43,&quot;end&quot;:60}},&quot;motion_fx_devices&quot;:[&quot;desktop&quot;,&quot;tablet&quot;]}\" data-widget_type=\"image.default\">\n\t\t\t\t<div class=\"elementor-widget-container\">\n\t\t\t\t\t\t\t\t\t\t\t\t\t\t\t<img fetchpriority=\"high\" decoding=\"async\" width=\"870\" height=\"1100\" src=\"https:\/\/www.staymichelangelojesolo.com\/wp-content\/uploads\/2021\/02\/ristorante-michelangelo-jesolo.jpg\" class=\"attachment-full size-full wp-image-1261\" alt=\"\" srcset=\"https:\/\/www.staymichelangelojesolo.com\/wp-content\/uploads\/2021\/02\/ristorante-michelangelo-jesolo.jpg 870w, https:\/\/www.staymichelangelojesolo.com\/wp-content\/uploads\/2021\/02\/ristorante-michelangelo-jesolo-237x300.jpg 237w, https:\/\/www.staymichelangelojesolo.com\/wp-content\/uploads\/2021\/02\/ristorante-michelangelo-jesolo-810x1024.jpg 810w, https:\/\/www.staymichelangelojesolo.com\/wp-content\/uploads\/2021\/02\/ristorante-michelangelo-jesolo-768x971.jpg 768w\" sizes=\"(max-width: 870px) 100vw, 870px\" \/>\t\t\t\t\t\t\t\t\t\t\t\t\t\t\t<\/div>\n\t\t\t\t<\/div>\n\t\t\t\t\t<\/div>\n\t\t<\/div>\n\t\t\t\t<div class=\"elementor-column elementor-col-50 elementor-top-column elementor-element elementor-element-aa7c9a1\" data-id=\"aa7c9a1\" data-element_type=\"column\" data-e-type=\"column\">\n\t\t\t<div class=\"elementor-widget-wrap elementor-element-populated\">\n\t\t\t\t\t\t<div class=\"elementor-element elementor-element-f1c8b39 elementor-widget elementor-widget-spacer\" data-id=\"f1c8b39\" data-element_type=\"widget\" data-e-type=\"widget\" data-widget_type=\"spacer.default\">\n\t\t\t\t<div class=\"elementor-widget-container\">\n\t\t\t\t\t\t\t<div class=\"elementor-spacer\">\n\t\t\t<div class=\"elementor-spacer-inner\"><\/div>\n\t\t<\/div>\n\t\t\t\t\t\t<\/div>\n\t\t\t\t<\/div>\n\t\t\t\t<div class=\"elementor-element elementor-element-b83b7b3 elementor-widget elementor-widget-text-editor\" data-id=\"b83b7b3\" data-element_type=\"widget\" data-e-type=\"widget\" data-widget_type=\"text-editor.default\">\n\t\t\t\t<div class=\"elementor-widget-container\">\n\t\t\t\t\t\t\t\t\t<h2>Hochklassige K\u00fcche<\/h2>\n<h2 class=\"light\" style=\"padding-bottom: 25px;\">cuisine<\/h2>\n<p>Die elegante und angenehme Umgebung, die Leidenschaft und Kreativit\u00e4t des K\u00fcchenchefs und des Personals, die Frische und Authentizit\u00e4t den Zutaten, sind die Hauptqualit\u00e4ten, die dieses Restaurant so exklusiv und einladen machen. Der neue Angelpunkt ist die vollst\u00e4ndig freigelegte K\u00fcche mit den Fenstern zum Kunden, durch die die ausgew\u00e4hlten Fischprodukte, Gem\u00fcse, K\u00e4se, Fleisch und Aufschnitt ausgestellt werden.<\/p>\n<p>Daher kann der Gast die Qualit\u00e4t der Rohstoffe fast &#8222;ber\u00fchren&#8220; und Schritt f\u00fcr Schritt die meisterhafte Verarbeitung des K\u00fcchenchefs verfolgen, w\u00e4hrend er das von den G\u00e4sten ausgew\u00e4hlte Gericht zubereitet.<\/p>\n\t\t\t\t\t\t\t\t<\/div>\n\t\t\t\t<\/div>\n\t\t\t\t<div class=\"elementor-element elementor-element-2cb7782 elementor-widget elementor-widget-spacer\" data-id=\"2cb7782\" data-element_type=\"widget\" data-e-type=\"widget\" data-widget_type=\"spacer.default\">\n\t\t\t\t<div class=\"elementor-widget-container\">\n\t\t\t\t\t\t\t<div class=\"elementor-spacer\">\n\t\t\t<div class=\"elementor-spacer-inner\"><\/div>\n\t\t<\/div>\n\t\t\t\t\t\t<\/div>\n\t\t\t\t<\/div>\n\t\t\t\t\t<\/div>\n\t\t<\/div>\n\t\t\t\t\t<\/div>\n\t\t<\/section>\n\t\t\t\t<section class=\"elementor-section elementor-top-section elementor-element elementor-element-bdd2471 elementor-section-boxed elementor-section-height-default elementor-section-height-default\" data-id=\"bdd2471\" data-element_type=\"section\" data-e-type=\"section\">\n\t\t\t\t\t\t<div class=\"elementor-container elementor-column-gap-default\">\n\t\t\t\t\t<div class=\"elementor-column elementor-col-100 elementor-top-column elementor-element elementor-element-ddd8dca\" data-id=\"ddd8dca\" data-element_type=\"column\" data-e-type=\"column\">\n\t\t\t<div class=\"elementor-widget-wrap elementor-element-populated\">\n\t\t\t\t\t\t<div class=\"elementor-element elementor-element-40c2b4c elementor-absolute elementor-widget elementor-widget-image\" data-id=\"40c2b4c\" data-element_type=\"widget\" data-e-type=\"widget\" data-settings=\"{&quot;motion_fx_motion_fx_scrolling&quot;:&quot;yes&quot;,&quot;motion_fx_translateY_effect&quot;:&quot;yes&quot;,&quot;_position&quot;:&quot;absolute&quot;,&quot;motion_fx_translateY_speed&quot;:{&quot;unit&quot;:&quot;px&quot;,&quot;size&quot;:7.6,&quot;sizes&quot;:[]},&quot;motion_fx_devices&quot;:[&quot;desktop&quot;,&quot;mobile&quot;],&quot;motion_fx_translateY_affectedRange&quot;:{&quot;unit&quot;:&quot;%&quot;,&quot;size&quot;:&quot;&quot;,&quot;sizes&quot;:{&quot;start&quot;:0,&quot;end&quot;:100}}}\" data-widget_type=\"image.default\">\n\t\t\t\t<div class=\"elementor-widget-container\">\n\t\t\t\t\t\t\t\t\t\t\t\t\t\t\t<img decoding=\"async\" width=\"1000\" height=\"750\" src=\"https:\/\/www.staymichelangelojesolo.com\/wp-content\/uploads\/2021\/02\/ristorante-michelangelo-jesolo-pineta.jpg\" class=\"attachment-full size-full wp-image-1263\" alt=\"\" srcset=\"https:\/\/www.staymichelangelojesolo.com\/wp-content\/uploads\/2021\/02\/ristorante-michelangelo-jesolo-pineta.jpg 1000w, https:\/\/www.staymichelangelojesolo.com\/wp-content\/uploads\/2021\/02\/ristorante-michelangelo-jesolo-pineta-300x225.jpg 300w, https:\/\/www.staymichelangelojesolo.com\/wp-content\/uploads\/2021\/02\/ristorante-michelangelo-jesolo-pineta-768x576.jpg 768w\" sizes=\"(max-width: 1000px) 100vw, 1000px\" \/>\t\t\t\t\t\t\t\t\t\t\t\t\t\t\t<\/div>\n\t\t\t\t<\/div>\n\t\t\t\t\t<\/div>\n\t\t<\/div>\n\t\t\t\t\t<\/div>\n\t\t<\/section>\n\t\t\t\t<section class=\"elementor-section elementor-top-section elementor-element elementor-element-ba8aa11 elementor-section-boxed elementor-section-height-default elementor-section-height-default\" data-id=\"ba8aa11\" data-element_type=\"section\" data-e-type=\"section\">\n\t\t\t\t\t\t<div class=\"elementor-container elementor-column-gap-default\">\n\t\t\t\t\t<div class=\"elementor-column elementor-col-100 elementor-top-column elementor-element elementor-element-d04d7fb\" data-id=\"d04d7fb\" data-element_type=\"column\" data-e-type=\"column\">\n\t\t\t<div class=\"elementor-widget-wrap elementor-element-populated\">\n\t\t\t\t\t\t<div class=\"elementor-element elementor-element-61a5cc2 elementor-widget elementor-widget-spacer\" data-id=\"61a5cc2\" data-element_type=\"widget\" data-e-type=\"widget\" data-widget_type=\"spacer.default\">\n\t\t\t\t<div class=\"elementor-widget-container\">\n\t\t\t\t\t\t\t<div class=\"elementor-spacer\">\n\t\t\t<div class=\"elementor-spacer-inner\"><\/div>\n\t\t<\/div>\n\t\t\t\t\t\t<\/div>\n\t\t\t\t<\/div>\n\t\t\t\t\t<\/div>\n\t\t<\/div>\n\t\t\t\t\t<\/div>\n\t\t<\/section>\n\t\t\t\t<section class=\"elementor-section elementor-top-section elementor-element elementor-element-a1df02e elementor-section-boxed elementor-section-height-default elementor-section-height-default\" data-id=\"a1df02e\" data-element_type=\"section\" data-e-type=\"section\">\n\t\t\t\t\t\t<div class=\"elementor-container elementor-column-gap-default\">\n\t\t\t\t\t<div class=\"elementor-column elementor-col-100 elementor-top-column elementor-element elementor-element-b3e686d\" data-id=\"b3e686d\" data-element_type=\"column\" data-e-type=\"column\">\n\t\t\t<div class=\"elementor-widget-wrap elementor-element-populated\">\n\t\t\t\t\t\t<div class=\"elementor-element elementor-element-0300899 elementor-widget elementor-widget-spacer\" data-id=\"0300899\" data-element_type=\"widget\" data-e-type=\"widget\" data-widget_type=\"spacer.default\">\n\t\t\t\t<div class=\"elementor-widget-container\">\n\t\t\t\t\t\t\t<div class=\"elementor-spacer\">\n\t\t\t<div class=\"elementor-spacer-inner\"><\/div>\n\t\t<\/div>\n\t\t\t\t\t\t<\/div>\n\t\t\t\t<\/div>\n\t\t\t\t\t<\/div>\n\t\t<\/div>\n\t\t\t\t\t<\/div>\n\t\t<\/section>\n\t\t\t\t<section class=\"elementor-section elementor-top-section elementor-element elementor-element-2950d60 elementor-section-height-min-height elementor-section-boxed elementor-section-height-default elementor-section-items-middle\" data-id=\"2950d60\" data-element_type=\"section\" data-e-type=\"section\" data-settings=\"{&quot;background_background&quot;:&quot;classic&quot;}\">\n\t\t\t\t\t\t\t<div class=\"elementor-background-overlay\"><\/div>\n\t\t\t\t\t\t\t<div class=\"elementor-container elementor-column-gap-default\">\n\t\t\t\t\t<div class=\"elementor-column elementor-col-100 elementor-top-column elementor-element elementor-element-5c04ed1\" data-id=\"5c04ed1\" data-element_type=\"column\" data-e-type=\"column\" data-settings=\"{&quot;motion_fx_motion_fx_scrolling&quot;:&quot;yes&quot;,&quot;motion_fx_translateY_effect&quot;:&quot;yes&quot;,&quot;motion_fx_translateY_speed&quot;:{&quot;unit&quot;:&quot;px&quot;,&quot;size&quot;:3,&quot;sizes&quot;:[]},&quot;motion_fx_translateY_affectedRange&quot;:{&quot;unit&quot;:&quot;%&quot;,&quot;size&quot;:&quot;&quot;,&quot;sizes&quot;:{&quot;start&quot;:0,&quot;end&quot;:100}},&quot;motion_fx_devices&quot;:[&quot;desktop&quot;,&quot;tablet&quot;,&quot;mobile&quot;]}\">\n\t\t\t<div class=\"elementor-widget-wrap elementor-element-populated\">\n\t\t\t\t\t\t<div class=\"elementor-element elementor-element-dae747b elementor-widget elementor-widget-text-editor\" data-id=\"dae747b\" data-element_type=\"widget\" data-e-type=\"widget\" data-widget_type=\"text-editor.default\">\n\t\t\t\t<div class=\"elementor-widget-container\">\n\t\t\t\t\t\t\t\t\t<h2 class=\"light\" style=\"text-align: center;\"><span style=\"color: #ffffff;\">Hotel<\/span><\/h2>\n\t\t\t\t\t\t\t\t<\/div>\n\t\t\t\t<\/div>\n\t\t\t\t<div class=\"elementor-element elementor-element-9c647a5 elementor-view-default elementor-widget elementor-widget-icon\" data-id=\"9c647a5\" data-element_type=\"widget\" data-e-type=\"widget\" data-widget_type=\"icon.default\">\n\t\t\t\t<div class=\"elementor-widget-container\">\n\t\t\t\t\t\t\t<div class=\"elementor-icon-wrapper\">\n\t\t\t<a class=\"elementor-icon elementor-animation-shrink\" href=\"https:\/\/www.staymichelangelojesolo.com\/de\/residence\/\">\n\t\t\t<svg xmlns=\"http:\/\/www.w3.org\/2000\/svg\" viewBox=\"0 0 88.5 88.5\"><defs><style>.cls-1{fill:#fff;}<\/style><\/defs><g id=\"Livello_2\" data-name=\"Livello 2\"><g id=\"Content\"><path class=\"cls-1\" d=\"M44.25,88.5A44.25,44.25,0,1,1,88.5,44.25,44.3,44.3,0,0,1,44.25,88.5Zm0-86.5A42.25,42.25,0,1,0,86.5,44.25,42.29,42.29,0,0,0,44.25,2Z\"><\/path><rect class=\"cls-1\" x=\"18.67\" y=\"43.25\" width=\"48.76\" height=\"2\"><\/rect><path class=\"cls-1\" d=\"M53.76,53.85a1,1,0,0,1,.31-1.38L67,44.25,54.07,36a1,1,0,0,1-.31-1.38,1,1,0,0,1,1.38-.31l14.23,9.07a1,1,0,0,1,0,1.68L55.14,54.16a1,1,0,0,1-.54.15A1,1,0,0,1,53.76,53.85Z\"><\/path><\/g><\/g><\/svg>\t\t\t<\/a>\n\t\t<\/div>\n\t\t\t\t\t\t<\/div>\n\t\t\t\t<\/div>\n\t\t\t\t\t<\/div>\n\t\t<\/div>\n\t\t\t\t\t<\/div>\n\t\t<\/section>\n\t\t\t\t<\/div>\n\t\t","protected":false},"excerpt":{"rendered":"<p>Local culinary delights by Chef Tino Vettorello Das Restaurant Tino Jesolo hei\u00dft Sie in der Welt des Geschmacks willkommen Im Restaurant Tino Jesolo bietet K\u00fcchenchef Tino Vettorello seine originellen Kreationen an, die das Ergebnis seiner Leidenschaft und seiner Kochkunst sind und die Elemente der venezianischen K\u00fcche mit der Kreativit\u00e4t der internationalen Haute Cuisine in Einklang &hellip;<\/p>\n","protected":false},"author":2,"featured_media":0,"parent":0,"menu_order":0,"comment_status":"closed","ping_status":"closed","template":"","meta":{"footnotes":""},"class_list":["post-1576","page","type-page","status-publish","hentry"],"_links":{"self":[{"href":"https:\/\/www.staymichelangelojesolo.com\/de\/wp-json\/wp\/v2\/pages\/1576","targetHints":{"allow":["GET"]}}],"collection":[{"href":"https:\/\/www.staymichelangelojesolo.com\/de\/wp-json\/wp\/v2\/pages"}],"about":[{"href":"https:\/\/www.staymichelangelojesolo.com\/de\/wp-json\/wp\/v2\/types\/page"}],"author":[{"embeddable":true,"href":"https:\/\/www.staymichelangelojesolo.com\/de\/wp-json\/wp\/v2\/users\/2"}],"replies":[{"embeddable":true,"href":"https:\/\/www.staymichelangelojesolo.com\/de\/wp-json\/wp\/v2\/comments?post=1576"}],"version-history":[{"count":20,"href":"https:\/\/www.staymichelangelojesolo.com\/de\/wp-json\/wp\/v2\/pages\/1576\/revisions"}],"predecessor-version":[{"id":7815,"href":"https:\/\/www.staymichelangelojesolo.com\/de\/wp-json\/wp\/v2\/pages\/1576\/revisions\/7815"}],"wp:attachment":[{"href":"https:\/\/www.staymichelangelojesolo.com\/de\/wp-json\/wp\/v2\/media?parent=1576"}],"curies":[{"name":"wp","href":"https:\/\/api.w.org\/{rel}","templated":true}]}}